{"id":276,"date":"2026-01-14T22:33:09","date_gmt":"2026-01-14T22:33:09","guid":{"rendered":"http:\/\/alpenblick-raggal.local\/about\/"},"modified":"2026-03-01T12:33:18","modified_gmt":"2026-03-01T12:33:18","slug":"ueberuns","status":"publish","type":"page","link":"https:\/\/alpenblick-raggal.oraxis.at\/en\/ueberuns\/","title":{"rendered":"\u00dcber uns"},"content":{"rendered":"<div data-elementor-type=\"wp-page\" data-elementor-id=\"276\" class=\"elementor elementor-276\">\n\t\t\t\t<div class=\"elementor-element elementor-element-8c1ca90 e-flex e-con-boxed e-con e-parent\" data-id=\"8c1ca90\" data-element_type=\"container\" data-e-type=\"container\" data-settings=\"{&quot;background_background&quot;:&quot;classic&quot;}\">\n\t\t\t\t\t<div class=\"e-con-inner\">\n\t\t\t\t<div class=\"elementor-element elementor-element-0353a11 elementor-widget elementor-widget-heading\" data-id=\"0353a11\" data-element_type=\"widget\" data-e-type=\"widget\" data-widget_type=\"heading.default\">\n\t\t\t\t\t<h1 class=\"elementor-heading-title elementor-size-default\">\u00dcber Uns<\/h1>\t\t\t\t<\/div>\n\t\t\t\t\t<\/div>\n\t\t\t\t<\/div>\n\t\t<div class=\"elementor-element elementor-element-91d5e9c e-flex e-con-boxed e-con e-parent\" data-id=\"91d5e9c\" data-element_type=\"container\" data-e-type=\"container\" data-settings=\"{&quot;background_background&quot;:&quot;classic&quot;}\">\n\t\t\t\t\t<div class=\"e-con-inner\">\n\t\t<div class=\"elementor-element elementor-element-fbcb8e0 e-con-full e-flex e-con e-child\" data-id=\"fbcb8e0\" data-element_type=\"container\" data-e-type=\"container\">\n\t\t<div class=\"elementor-element elementor-element-55721ca e-con-full e-flex e-con e-child\" data-id=\"55721ca\" data-element_type=\"container\" data-e-type=\"container\">\n\t\t\t\t<div class=\"elementor-element elementor-element-8e08ae4 elementor-widget elementor-widget-image\" data-id=\"8e08ae4\" data-element_type=\"widget\" data-e-type=\"widget\" data-widget_type=\"image.default\">\n\t\t\t\t\t\t\t\t\t\t\t\t\t\t\t<img decoding=\"async\" src=\"https:\/\/alpenblick-raggal.oraxis.at\/wp-content\/uploads\/2026\/03\/aussen-sommer.webp\" title=\"\" alt=\"\" loading=\"lazy\" \/>\t\t\t\t\t\t\t\t\t\t\t\t\t\t\t<\/div>\n\t\t\t\t<\/div>\n\t\t<div class=\"elementor-element elementor-element-df9b9a0 e-con-full e-flex e-con e-child\" data-id=\"df9b9a0\" data-element_type=\"container\" data-e-type=\"container\">\n\t\t\t\t<div class=\"elementor-element elementor-element-a137901 elementor-widget elementor-widget-hfe-infocard\" data-id=\"a137901\" data-element_type=\"widget\" data-e-type=\"widget\" data-widget_type=\"hfe-infocard.default\">\n\t\t\t\t<div class=\"elementor-widget-container\">\n\t\t\t\t\t\n\t\t<div class=\"hfe-infocard\">\n\t\t\t\t\t\t\t\t\t<div class=\"hfe-infocard-title-wrap\">\n\t\t\t\t<h3 class=\"hfe-infocard-title elementor-inline-editing\" data-elementor-setting-key=\"infocard_title\" data-elementor-inline-editing-toolbar=\"basic\" >Alpenblick Raggal ist ein familiengef\u00fchrtes Ferienwohnungshaus, das im Herzen des UNESCO-Biosph\u00e4renparks Gro\u00dfes Walsertal liegt. Unsere modernen und gro\u00dfz\u00fcgigen Wohnungen bieten einen malerischen Panoramablick.<\/h3>\t\t\t<\/div>\n\t\t\t\t\t\t<div class=\"hfe-infocard-text-wrap\">\n\t\t\t\t<div class=\"hfe-infocard-text elementor-inline-editing\" data-elementor-setting-key=\"infocard_description\" data-elementor-inline-editing-toolbar=\"advanced\">\n\t\t\t\t\t<p>Die Idee f\u00fcr Alpenblick Raggal entstand aus der Leidenschaft der Familie, den G\u00e4sten die Sch\u00f6nheit der Alpen n\u00e4herzubringen und ihnen ein Zuhause fernab der Heimat zu bieten.<\/p>\t\t\t\t<\/div>\n\t\t\t\t\t\t\t<\/div>\n\t\t<\/div>\n\n\t\t\t\t\t\t<\/div>\n\t\t\t\t<\/div>\n\t\t\t\t<div class=\"elementor-element elementor-element-dbb3f26 elementor-widget elementor-widget-heading\" data-id=\"dbb3f26\" data-element_type=\"widget\" data-e-type=\"widget\" data-widget_type=\"heading.default\">\n\t\t\t\t\t<p class=\"elementor-heading-title elementor-size-default\">Wir haben Paare, Familien und naturorientierte G\u00e4ste bedient, die Wert auf Ruhe, Erholung und Qualit\u00e4t legen. Unsere G\u00e4ste sch\u00e4tzen das authentische alpenl\u00e4ndische Ambiente und die individuelle Betreuung.<\/p>\t\t\t\t<\/div>\n\t\t\t\t<div class=\"elementor-element elementor-element-7311b08 elementor-widget elementor-widget-heading\" data-id=\"7311b08\" data-element_type=\"widget\" data-e-type=\"widget\" data-widget_type=\"heading.default\">\n\t\t\t\t\t<p class=\"elementor-heading-title elementor-size-default\"><b>Wir freuen uns auf Sie! Herliche Gr\u00fc\u00dfe Albert und Beatrix Zech!<\/b><\/p>\t\t\t\t<\/div>\n\t\t\t\t<\/div>\n\t\t\t\t<\/div>\n\t\t\t\t\t<\/div>\n\t\t\t\t<\/div>\n\t\t<div class=\"elementor-element elementor-element-e289fec e-flex e-con-boxed e-con e-parent\" data-id=\"e289fec\" data-element_type=\"container\" data-e-type=\"container\" data-settings=\"{&quot;background_background&quot;:&quot;classic&quot;}\">\n\t\t\t\t\t<div class=\"e-con-inner\">\n\t\t<div class=\"elementor-element elementor-element-ab8f7a3 e-con-full e-flex e-con e-child\" data-id=\"ab8f7a3\" data-element_type=\"container\" data-e-type=\"container\">\n\t\t\t\t<div class=\"elementor-element elementor-element-9b76c51 elementor-view-default elementor-position-block-start elementor-mobile-position-block-start elementor-widget elementor-widget-icon-box\" data-id=\"9b76c51\" data-element_type=\"widget\" data-e-type=\"widget\" data-widget_type=\"icon-box.default\">\n\t\t\t\t\t\t\t<div class=\"elementor-icon-box-wrapper\">\n\n\t\t\t\t\t\t<div class=\"elementor-icon-box-icon\">\n\t\t\t\t<span  class=\"elementor-icon\">\n\t\t\t\t<svg aria-hidden=\"true\" class=\"e-font-icon-svg e-far-handshake\" viewbox=\"0 0 640 512\" xmlns=\"http:\/\/www.w3.org\/2000\/svg\"><path d=\"M519.2 127.9l-47.6-47.6A56.252 56.252 0 0 0 432 64H205.2c-14.8 0-29.1 5.9-39.6 16.3L118 127.9H0v255.7h64c17.6 0 31.8-14.2 31.9-31.7h9.1l84.6 76.4c30.9 25.1 73.8 25.7 105.6 3.8 12.5 10.8 26 15.9 41.1 15.9 18.2 0 35.3-7.4 48.8-24 22.1 8.7 48.2 2.6 64-16.8l26.2-32.3c5.6-6.9 9.1-14.8 10.9-23h57.9c.1 17.5 14.4 31.7 31.9 31.7h64V127.9H519.2zM48 351.6c-8.8 0-16-7.2-16-16s7.2-16 16-16 16 7.2 16 16c0 8.9-7.2 16-16 16zm390-6.9l-26.1 32.2c-2.8 3.4-7.8 4-11.3 1.2l-23.9-19.4-30 36.5c-6 7.3-15 4.8-18 2.4l-36.8-31.5-15.6 19.2c-13.9 17.1-39.2 19.7-55.3 6.6l-97.3-88H96V175.8h41.9l61.7-61.6c2-.8 3.7-1.5 5.7-2.3H262l-38.7 35.5c-29.4 26.9-31.1 72.3-4.4 101.3 14.8 16.2 61.2 41.2 101.5 4.4l8.2-7.5 108.2 87.8c3.4 2.8 3.9 7.9 1.2 11.3zm106-40.8h-69.2c-2.3-2.8-4.9-5.4-7.7-7.7l-102.7-83.4 12.5-11.4c6.5-6 7-16.1 1-22.6L367 167.1c-6-6.5-16.1-6.9-22.6-1l-55.2 50.6c-9.5 8.7-25.7 9.4-34.6 0-9.3-9.9-8.5-25.1 1.2-33.9l65.6-60.1c7.4-6.8 17-10.5 27-10.5l83.7-.2c2.1 0 4.1.8 5.5 2.3l61.7 61.6H544v128zm48 47.7c-8.8 0-16-7.2-16-16s7.2-16 16-16 16 7.2 16 16c0 8.9-7.2 16-16 16z\"><\/path><\/svg>\t\t\t\t<\/span>\n\t\t\t<\/div>\n\t\t\t\n\t\t\t\t\t\t<div class=\"elementor-icon-box-content\">\n\n\t\t\t\t\t\t\t\t\t<h3 class=\"elementor-icon-box-title\">\n\t\t\t\t\t\t<span  >\n\t\t\t\t\t\t\tQualit\u00e4t\t\t\t\t\t\t<\/span>\n\t\t\t\t\t<\/h3>\n\t\t\t\t\n\t\t\t\t\t\t\t\t\t<p class=\"elementor-icon-box-description\">\n\t\t\t\t\t\tWir streben danach, Ihnen erstklassigen Service und komfortable Unterk\u00fcnfte zu bieten, die Ihren Aufenthalt unvergesslich machen.\t\t\t\t\t<\/p>\n\t\t\t\t\n\t\t\t<\/div>\n\t\t\t\n\t\t<\/div>\n\t\t\t\t\t\t<\/div>\n\t\t\t\t<div class=\"elementor-element elementor-element-4a81b46 elementor-view-default elementor-position-block-start elementor-mobile-position-block-start elementor-widget elementor-widget-icon-box\" data-id=\"4a81b46\" data-element_type=\"widget\" data-e-type=\"widget\" data-widget_type=\"icon-box.default\">\n\t\t\t\t\t\t\t<div class=\"elementor-icon-box-wrapper\">\n\n\t\t\t\t\t\t<div class=\"elementor-icon-box-icon\">\n\t\t\t\t<span  class=\"elementor-icon\">\n\t\t\t\t<svg aria-hidden=\"true\" class=\"e-font-icon-svg e-fas-recycle\" viewbox=\"0 0 512 512\" xmlns=\"http:\/\/www.w3.org\/2000\/svg\"><path d=\"M184.561 261.903c3.232 13.997-12.123 24.635-24.068 17.168l-40.736-25.455-50.867 81.402C55.606 356.273 70.96 384 96.012 384H148c6.627 0 12 5.373 12 12v40c0 6.627-5.373 12-12 12H96.115c-75.334 0-121.302-83.048-81.408-146.88l50.822-81.388-40.725-25.448c-12.081-7.547-8.966-25.961 4.879-29.158l110.237-25.45c8.611-1.988 17.201 3.381 19.189 11.99l25.452 110.237zm98.561-182.915l41.289 66.076-40.74 25.457c-12.051 7.528-9 25.953 4.879 29.158l110.237 25.45c8.672 1.999 17.215-3.438 19.189-11.99l25.45-110.237c3.197-13.844-11.99-24.719-24.068-17.168l-40.687 25.424-41.263-66.082c-37.521-60.033-125.209-60.171-162.816 0l-17.963 28.766c-3.51 5.62-1.8 13.021 3.82 16.533l33.919 21.195c5.62 3.512 13.024 1.803 16.536-3.817l17.961-28.743c12.712-20.341 41.973-19.676 54.257-.022zM497.288 301.12l-27.515-44.065c-3.511-5.623-10.916-7.334-16.538-3.821l-33.861 21.159c-5.62 3.512-7.33 10.915-3.818 16.536l27.564 44.112c13.257 21.211-2.057 48.96-27.136 48.96H320V336.02c0-14.213-17.242-21.383-27.313-11.313l-80 79.981c-6.249 6.248-6.249 16.379 0 22.627l80 79.989C302.689 517.308 320 510.3 320 495.989V448h95.88c75.274 0 121.335-82.997 81.408-146.88z\"><\/path><\/svg>\t\t\t\t<\/span>\n\t\t\t<\/div>\n\t\t\t\n\t\t\t\t\t\t<div class=\"elementor-icon-box-content\">\n\n\t\t\t\t\t\t\t\t\t<h3 class=\"elementor-icon-box-title\">\n\t\t\t\t\t\t<span  >\n\t\t\t\t\t\t\tNachhaltigkeit\t\t\t\t\t\t<\/span>\n\t\t\t\t\t<\/h3>\n\t\t\t\t\n\t\t\t\t\t\t\t\t\t<p class=\"elementor-icon-box-description\">\n\t\t\t\t\t\tUnser Engagement f\u00fcr umweltfreundliche Praktiken erm\u00f6glicht es uns, die malerische Sch\u00f6nheit der Alpen zu bewahren und zuk\u00fcnftigen Generationen zug\u00e4nglich zu machen.\t\t\t\t\t<\/p>\n\t\t\t\t\n\t\t\t<\/div>\n\t\t\t\n\t\t<\/div>\n\t\t\t\t\t\t<\/div>\n\t\t\t\t<div class=\"elementor-element elementor-element-6db4e9d elementor-view-default elementor-position-block-start elementor-mobile-position-block-start elementor-widget elementor-widget-icon-box\" data-id=\"6db4e9d\" data-element_type=\"widget\" data-e-type=\"widget\" data-widget_type=\"icon-box.default\">\n\t\t\t\t\t\t\t<div class=\"elementor-icon-box-wrapper\">\n\n\t\t\t\t\t\t<div class=\"elementor-icon-box-icon\">\n\t\t\t\t<span  class=\"elementor-icon\">\n\t\t\t\t<svg aria-hidden=\"true\" class=\"e-font-icon-svg e-fas-people-arrows\" viewbox=\"0 0 576 512\" xmlns=\"http:\/\/www.w3.org\/2000\/svg\"><path d=\"M96,128A64,64,0,1,0,32,64,64,64,0,0,0,96,128Zm0,176.08a44.11,44.11,0,0,1,13.64-32L181.77,204c1.65-1.55,3.77-2.31,5.61-3.57A63.91,63.91,0,0,0,128,160H64A64,64,0,0,0,0,224v96a32,32,0,0,0,32,32V480a32,32,0,0,0,32,32h64a32,32,0,0,0,32-32V383.61l-50.36-47.53A44.08,44.08,0,0,1,96,304.08ZM480,128a64,64,0,1,0-64-64A64,64,0,0,0,480,128Zm32,32H448a63.91,63.91,0,0,0-59.38,40.42c1.84,1.27,4,2,5.62,3.59l72.12,68.06a44.37,44.37,0,0,1,0,64L416,383.62V480a32,32,0,0,0,32,32h64a32,32,0,0,0,32-32V352a32,32,0,0,0,32-32V224A64,64,0,0,0,512,160ZM444.4,295.34l-72.12-68.06A12,12,0,0,0,352,236v36H224V236a12,12,0,0,0-20.28-8.73L131.6,295.34a12.4,12.4,0,0,0,0,17.47l72.12,68.07A12,12,0,0,0,224,372.14V336H352v36.14a12,12,0,0,0,20.28,8.74l72.12-68.07A12.4,12.4,0,0,0,444.4,295.34Z\"><\/path><\/svg>\t\t\t\t<\/span>\n\t\t\t<\/div>\n\t\t\t\n\t\t\t\t\t\t<div class=\"elementor-icon-box-content\">\n\n\t\t\t\t\t\t\t\t\t<h3 class=\"elementor-icon-box-title\">\n\t\t\t\t\t\t<span  >\n\t\t\t\t\t\t\tPers\u00f6nliche Betreuung\t\t\t\t\t\t<\/span>\n\t\t\t\t\t<\/h3>\n\t\t\t\t\n\t\t\t\t\t\t\t\t\t<p class=\"elementor-icon-box-description\">\n\t\t\t\t\t\tWir legen gro\u00dfen Wert darauf, dass sich jeder Gast willkommen und individuell betreut f\u00fchlt, um eine angenehme und entspannte Atmosph\u00e4re zu schaffen.\t\t\t\t\t<\/p>\n\t\t\t\t\n\t\t\t<\/div>\n\t\t\t\n\t\t<\/div>\n\t\t\t\t\t\t<\/div>\n\t\t\t\t<\/div>\n\t\t\t\t\t<\/div>\n\t\t\t\t<\/div>\n\t\t<div class=\"elementor-element elementor-element-17583f8 e-flex e-con-boxed e-con e-parent\" data-id=\"17583f8\" data-element_type=\"container\" data-e-type=\"container\" data-settings=\"{&quot;background_background&quot;:&quot;classic&quot;}\">\n\t\t\t\t\t<div class=\"e-con-inner\">\n\t\t\t\t<div class=\"elementor-element elementor-element-0da3d76 elementor-widget elementor-widget-image-box\" data-id=\"0da3d76\" data-element_type=\"widget\" data-e-type=\"widget\" data-widget_type=\"image-box.default\">\n\t\t\t\t\t<div class=\"elementor-image-box-wrapper\"><div class=\"elementor-image-box-content\"><h2 class=\"elementor-image-box-title\">Planen Sie Ihren Aufenthalt\u200b<\/h2><p class=\"elementor-image-box-description\">Lassen Sie sich von der Sch\u00f6nheit der Alpen verzaubern und genie\u00dfen Sie einen unvergesslichen Urlaub in Raggal. Kontaktieren Sie uns noch heute!<\/p><\/div><\/div>\t\t\t\t<\/div>\n\t\t\t\t<div class=\"elementor-element elementor-element-fa1adbc elementor-align-center elementor-widget elementor-widget-button\" data-id=\"fa1adbc\" data-element_type=\"widget\" data-e-type=\"widget\" data-widget_type=\"button.default\">\n\t\t\t\t\t\t\t\t\t\t<a class=\"elementor-button elementor-button-link elementor-size-sm\" href=\"#\">\n\t\t\t\t\t\t<span class=\"elementor-button-content-wrapper\">\n\t\t\t\t\t\t\t\t\t<span class=\"elementor-button-text\">Jetzt buchen<\/span>\n\t\t\t\t\t<\/span>\n\t\t\t\t\t<\/a>\n\t\t\t\t\t\t\t\t<\/div>\n\t\t\t\t\t<\/div>\n\t\t\t\t<\/div>\n\t\t<div class=\"elementor-element elementor-element-446b9dd e-flex e-con-boxed e-con e-parent\" data-id=\"446b9dd\" data-element_type=\"container\" data-e-type=\"container\">\n\t\t\t\t\t<div class=\"e-con-inner\">\n\t\t\t\t\t<\/div>\n\t\t\t\t<\/div>\n\t\t\t\t<\/div>","protected":false},"excerpt":{"rendered":"<p>\u00dcber Uns Alpenblick Raggal ist ein familiengef\u00fchrtes Ferienwohnungshaus, das im Herzen des UNESCO-Biosph\u00e4renparks Gro\u00dfes Walsertal liegt. Unsere modernen und gro\u00dfz\u00fcgigen [&hellip;]<\/p>\n","protected":false},"author":1,"featured_media":0,"parent":0,"menu_order":0,"comment_status":"closed","ping_status":"closed","template":"","meta":{"site-sidebar-layout":"no-sidebar","site-content-layout":"","ast-site-content-layout":"full-width-container","site-content-style":"default","site-sidebar-style":"default","ast-global-header-display":"","ast-banner-title-visibility":"","ast-main-header-display":"","ast-hfb-above-header-display":"","ast-hfb-below-header-display":"","ast-hfb-mobile-header-display":"","site-post-title":"disabled","ast-breadcrumbs-content":"","ast-featured-img":"disabled","footer-sml-layout":"","ast-disable-related-posts":"","theme-transparent-header-meta":"","adv-header-id-meta":"","stick-header-meta":"","header-above-stick-meta":"","header-main-stick-meta":"","header-below-stick-meta":"","astra-migrate-meta-layouts":"default","ast-page-background-enabled":"default","ast-page-background-meta":{"desktop":{"background-color":"var(--ast-global-color-5)","background-image":"","background-repeat":"repeat","background-position":"center center","background-size":"auto","background-attachment":"scroll","background-type":"","background-media":"","overlay-type":"","overlay-color":"","overlay-opacity":"","overlay-gradient":""},"tablet":{"background-color":"","background-image":"","background-repeat":"repeat","background-position":"center center","background-size":"auto","background-attachment":"scroll","background-type":"","background-media":"","overlay-type":"","overlay-color":"","overlay-opacity":"","overlay-gradient":""},"mobile":{"background-color":"","background-image":"","background-repeat":"repeat","background-position":"center center","background-size":"auto","background-attachment":"scroll","background-type":"","background-media":"","overlay-type":"","overlay-color":"","overlay-opacity":"","overlay-gradient":""}},"ast-content-background-meta":{"desktop":{"background-color":"var(--ast-global-color-4)","background-image":"","background-repeat":"repeat","background-position":"center center","background-size":"auto","background-attachment":"scroll","background-type":"","background-media":"","overlay-type":"","overlay-color":"","overlay-opacity":"","overlay-gradient":""},"tablet":{"background-color":"var(--ast-global-color-4)","background-image":"","background-repeat":"repeat","background-position":"center center","background-size":"auto","background-attachment":"scroll","background-type":"","background-media":"","overlay-type":"","overlay-color":"","overlay-opacity":"","overlay-gradient":""},"mobile":{"background-color":"var(--ast-global-color-4)","background-image":"","background-repeat":"repeat","background-position":"center center","background-size":"auto","background-attachment":"scroll","background-type":"","background-media":"","overlay-type":"","overlay-color":"","overlay-opacity":"","overlay-gradient":""}},"footnotes":""},"class_list":["post-276","page","type-page","status-publish","hentry"],"yoast_head":"<!-- This site is optimized with the Yoast SEO plugin v27.3 - https:\/\/yoast.com\/product\/yoast-seo-wordpress\/ -->\n<title>\u00dcber uns - Alpenblick Raggal<\/title>\n<meta name=\"robots\" content=\"index, follow, max-snippet:-1, max-image-preview:large, max-video-preview:-1\" \/>\n<link rel=\"canonical\" href=\"https:\/\/alpenblick-raggal.oraxis.at\/en\/ueberuns\/\" \/>\n<meta property=\"og:locale\" content=\"en_GB\" \/>\n<meta property=\"og:type\" content=\"article\" \/>\n<meta property=\"og:title\" content=\"\u00dcber uns - Alpenblick Raggal\" \/>\n<meta property=\"og:description\" content=\"\u00dcber Uns Alpenblick Raggal ist ein familiengef\u00fchrtes Ferienwohnungshaus, das im Herzen des UNESCO-Biosph\u00e4renparks Gro\u00dfes Walsertal liegt. Unsere modernen und gro\u00dfz\u00fcgigen [&hellip;]\" \/>\n<meta property=\"og:url\" content=\"https:\/\/alpenblick-raggal.oraxis.at\/en\/ueberuns\/\" \/>\n<meta property=\"og:site_name\" content=\"Alpenblick Raggal\" \/>\n<meta property=\"article:modified_time\" content=\"2026-03-01T12:33:18+00:00\" \/>\n<meta property=\"og:image\" content=\"https:\/\/alpenblick-raggal.oraxis.at\/wp-content\/uploads\/2026\/03\/aussen-sommer.webp\" \/>\n<meta name=\"twitter:card\" content=\"summary_large_image\" \/>\n<meta name=\"twitter:label1\" content=\"Est. reading time\" \/>\n\t<meta name=\"twitter:data1\" content=\"1 minute\" \/>\n<script type=\"application\/ld+json\" class=\"yoast-schema-graph\">{\"@context\":\"https:\\\/\\\/schema.org\",\"@graph\":[{\"@type\":\"WebPage\",\"@id\":\"https:\\\/\\\/alpenblick-raggal.oraxis.at\\\/ueberuns\\\/\",\"url\":\"https:\\\/\\\/alpenblick-raggal.oraxis.at\\\/ueberuns\\\/\",\"name\":\"\u00dcber uns - Alpenblick Raggal\",\"isPartOf\":{\"@id\":\"https:\\\/\\\/alpenblick-raggal.oraxis.at\\\/#website\"},\"primaryImageOfPage\":{\"@id\":\"https:\\\/\\\/alpenblick-raggal.oraxis.at\\\/ueberuns\\\/#primaryimage\"},\"image\":{\"@id\":\"https:\\\/\\\/alpenblick-raggal.oraxis.at\\\/ueberuns\\\/#primaryimage\"},\"thumbnailUrl\":\"https:\\\/\\\/alpenblick-raggal.oraxis.at\\\/wp-content\\\/uploads\\\/2026\\\/03\\\/aussen-sommer.webp\",\"datePublished\":\"2026-01-14T22:33:09+00:00\",\"dateModified\":\"2026-03-01T12:33:18+00:00\",\"breadcrumb\":{\"@id\":\"https:\\\/\\\/alpenblick-raggal.oraxis.at\\\/ueberuns\\\/#breadcrumb\"},\"inLanguage\":\"en-GB\",\"potentialAction\":[{\"@type\":\"ReadAction\",\"target\":[\"https:\\\/\\\/alpenblick-raggal.oraxis.at\\\/ueberuns\\\/\"]}]},{\"@type\":\"ImageObject\",\"inLanguage\":\"en-GB\",\"@id\":\"https:\\\/\\\/alpenblick-raggal.oraxis.at\\\/ueberuns\\\/#primaryimage\",\"url\":\"https:\\\/\\\/alpenblick-raggal.oraxis.at\\\/wp-content\\\/uploads\\\/2026\\\/03\\\/aussen-sommer.webp\",\"contentUrl\":\"https:\\\/\\\/alpenblick-raggal.oraxis.at\\\/wp-content\\\/uploads\\\/2026\\\/03\\\/aussen-sommer.webp\"},{\"@type\":\"BreadcrumbList\",\"@id\":\"https:\\\/\\\/alpenblick-raggal.oraxis.at\\\/ueberuns\\\/#breadcrumb\",\"itemListElement\":[{\"@type\":\"ListItem\",\"position\":1,\"name\":\"Startseite\",\"item\":\"https:\\\/\\\/alpenblick-raggal.oraxis.at\\\/\"},{\"@type\":\"ListItem\",\"position\":2,\"name\":\"\u00dcber uns\"}]},{\"@type\":\"WebSite\",\"@id\":\"https:\\\/\\\/alpenblick-raggal.oraxis.at\\\/#website\",\"url\":\"https:\\\/\\\/alpenblick-raggal.oraxis.at\\\/\",\"name\":\"Alpenblick Raggal\",\"description\":\"\",\"potentialAction\":[{\"@type\":\"SearchAction\",\"target\":{\"@type\":\"EntryPoint\",\"urlTemplate\":\"https:\\\/\\\/alpenblick-raggal.oraxis.at\\\/?s={search_term_string}\"},\"query-input\":{\"@type\":\"PropertyValueSpecification\",\"valueRequired\":true,\"valueName\":\"search_term_string\"}}],\"inLanguage\":\"en-GB\"}]}<\/script>\n<!-- \/ Yoast SEO plugin. -->","yoast_head_json":{"title":"\u00dcber uns - Alpenblick Raggal","robots":{"index":"index","follow":"follow","max-snippet":"max-snippet:-1","max-image-preview":"max-image-preview:large","max-video-preview":"max-video-preview:-1"},"canonical":"https:\/\/alpenblick-raggal.oraxis.at\/en\/ueberuns\/","og_locale":"en_GB","og_type":"article","og_title":"\u00dcber uns - Alpenblick Raggal","og_description":"\u00dcber Uns Alpenblick Raggal ist ein familiengef\u00fchrtes Ferienwohnungshaus, das im Herzen des UNESCO-Biosph\u00e4renparks Gro\u00dfes Walsertal liegt. Unsere modernen und gro\u00dfz\u00fcgigen [&hellip;]","og_url":"https:\/\/alpenblick-raggal.oraxis.at\/en\/ueberuns\/","og_site_name":"Alpenblick Raggal","article_modified_time":"2026-03-01T12:33:18+00:00","og_image":[{"url":"https:\/\/alpenblick-raggal.oraxis.at\/wp-content\/uploads\/2026\/03\/aussen-sommer.webp","type":"","width":"","height":""}],"twitter_card":"summary_large_image","twitter_misc":{"Est. reading time":"1 minute"},"schema":{"@context":"https:\/\/schema.org","@graph":[{"@type":"WebPage","@id":"https:\/\/alpenblick-raggal.oraxis.at\/ueberuns\/","url":"https:\/\/alpenblick-raggal.oraxis.at\/ueberuns\/","name":"\u00dcber uns - Alpenblick Raggal","isPartOf":{"@id":"https:\/\/alpenblick-raggal.oraxis.at\/#website"},"primaryImageOfPage":{"@id":"https:\/\/alpenblick-raggal.oraxis.at\/ueberuns\/#primaryimage"},"image":{"@id":"https:\/\/alpenblick-raggal.oraxis.at\/ueberuns\/#primaryimage"},"thumbnailUrl":"https:\/\/alpenblick-raggal.oraxis.at\/wp-content\/uploads\/2026\/03\/aussen-sommer.webp","datePublished":"2026-01-14T22:33:09+00:00","dateModified":"2026-03-01T12:33:18+00:00","breadcrumb":{"@id":"https:\/\/alpenblick-raggal.oraxis.at\/ueberuns\/#breadcrumb"},"inLanguage":"en-GB","potentialAction":[{"@type":"ReadAction","target":["https:\/\/alpenblick-raggal.oraxis.at\/ueberuns\/"]}]},{"@type":"ImageObject","inLanguage":"en-GB","@id":"https:\/\/alpenblick-raggal.oraxis.at\/ueberuns\/#primaryimage","url":"https:\/\/alpenblick-raggal.oraxis.at\/wp-content\/uploads\/2026\/03\/aussen-sommer.webp","contentUrl":"https:\/\/alpenblick-raggal.oraxis.at\/wp-content\/uploads\/2026\/03\/aussen-sommer.webp"},{"@type":"BreadcrumbList","@id":"https:\/\/alpenblick-raggal.oraxis.at\/ueberuns\/#breadcrumb","itemListElement":[{"@type":"ListItem","position":1,"name":"Startseite","item":"https:\/\/alpenblick-raggal.oraxis.at\/"},{"@type":"ListItem","position":2,"name":"\u00dcber uns"}]},{"@type":"WebSite","@id":"https:\/\/alpenblick-raggal.oraxis.at\/#website","url":"https:\/\/alpenblick-raggal.oraxis.at\/","name":"Alpenblick Raggal","description":"","potentialAction":[{"@type":"SearchAction","target":{"@type":"EntryPoint","urlTemplate":"https:\/\/alpenblick-raggal.oraxis.at\/?s={search_term_string}"},"query-input":{"@type":"PropertyValueSpecification","valueRequired":true,"valueName":"search_term_string"}}],"inLanguage":"en-GB"}]}},"_links":{"self":[{"href":"https:\/\/alpenblick-raggal.oraxis.at\/en\/wp-json\/wp\/v2\/pages\/276","targetHints":{"allow":["GET"]}}],"collection":[{"href":"https:\/\/alpenblick-raggal.oraxis.at\/en\/wp-json\/wp\/v2\/pages"}],"about":[{"href":"https:\/\/alpenblick-raggal.oraxis.at\/en\/wp-json\/wp\/v2\/types\/page"}],"author":[{"embeddable":true,"href":"https:\/\/alpenblick-raggal.oraxis.at\/en\/wp-json\/wp\/v2\/users\/1"}],"replies":[{"embeddable":true,"href":"https:\/\/alpenblick-raggal.oraxis.at\/en\/wp-json\/wp\/v2\/comments?post=276"}],"version-history":[{"count":17,"href":"https:\/\/alpenblick-raggal.oraxis.at\/en\/wp-json\/wp\/v2\/pages\/276\/revisions"}],"predecessor-version":[{"id":1058,"href":"https:\/\/alpenblick-raggal.oraxis.at\/en\/wp-json\/wp\/v2\/pages\/276\/revisions\/1058"}],"wp:attachment":[{"href":"https:\/\/alpenblick-raggal.oraxis.at\/en\/wp-json\/wp\/v2\/media?parent=276"}],"curies":[{"name":"wp","href":"https:\/\/api.w.org\/{rel}","templated":true}]}}