{"id":884,"date":"2026-02-19T19:52:58","date_gmt":"2026-02-19T19:52:58","guid":{"rendered":"http:\/\/alpenblick-raggal.local\/?page_id=884"},"modified":"2026-02-20T10:00:52","modified_gmt":"2026-02-20T10:00:52","slug":"datenschutz","status":"publish","type":"page","link":"https:\/\/alpenblick-raggal.oraxis.at\/en\/datenschutz\/","title":{"rendered":"Datenschutz"},"content":{"rendered":"<div data-elementor-type=\"wp-page\" data-elementor-id=\"884\" class=\"elementor elementor-884\">\n\t\t\t\t<div class=\"elementor-element elementor-element-08d2b1d e-flex e-con-boxed e-con e-parent\" data-id=\"08d2b1d\" data-element_type=\"container\" data-e-type=\"container\" data-settings=\"{&quot;background_background&quot;:&quot;classic&quot;}\">\n\t\t\t\t\t<div class=\"e-con-inner\">\n\t\t\t\t<div class=\"elementor-element elementor-element-cb732a3 elementor-widget elementor-widget-heading\" data-id=\"cb732a3\" data-element_type=\"widget\" data-e-type=\"widget\" data-widget_type=\"heading.default\">\n\t\t\t\t\t<h1 class=\"elementor-heading-title elementor-size-default\">Datenschutzerkl\u00e4rung<\/h1>\t\t\t\t<\/div>\n\t\t\t\t\t<\/div>\n\t\t\t\t<\/div>\n\t\t<div class=\"elementor-element elementor-element-68e5b83 e-flex e-con-boxed e-con e-parent\" data-id=\"68e5b83\" data-element_type=\"container\" data-e-type=\"container\">\n\t\t\t\t\t<div class=\"e-con-inner\">\n\t\t\t\t<div class=\"elementor-element elementor-element-d5819d4 elementor-widget-divider--view-line elementor-widget elementor-widget-divider\" data-id=\"d5819d4\" data-element_type=\"widget\" data-e-type=\"widget\" data-widget_type=\"divider.default\">\n\t\t\t\t\t\t\t<div class=\"elementor-divider\">\n\t\t\t<span class=\"elementor-divider-separator\">\n\t\t\t\t\t\t<\/span>\n\t\t<\/div>\n\t\t\t\t\t\t<\/div>\n\t\t\t\t<div class=\"elementor-element elementor-element-e02cac5 elementor-widget elementor-widget-text-editor\" data-id=\"e02cac5\" data-element_type=\"widget\" data-e-type=\"widget\" data-widget_type=\"text-editor.default\">\n\t\t\t\t\t\t\t\t\t<p data-start=\"290\" data-end=\"314\">In folgender Datenschutzerkl\u00e4rung informieren wir Sie \u00fcber die wichtigsten Aspekte der Datenverarbeitung im Rahmen unserer Webseite. Wir erheben und verarbeiten personenbezogene Daten ausschlie\u00dflich auf Grundlage der gesetzlichen Bestimmungen (Datenschutzgrundverordnung \u2013 DSGVO, Datenschutzgesetz \u2013 DSG, Telekommunikationsgesetz 2003 \u2013 TKG 2003).<\/p><p data-start=\"667\" data-end=\"703\"><strong>Zugriffsdaten<\/strong>\u00a0<strong>\/<\/strong>\u00a0<strong>Server-Logfiles<br \/><\/strong>Sobald Sie auf unsere Webseite zugreifen, werden automatisch durch den Hosting-Provider sogenannte Server-Logfiles erhoben. Dies betrifft insbesondere:<\/p><ul data-start=\"859\" data-end=\"1195\"><li data-start=\"859\" data-end=\"887\"><p data-start=\"861\" data-end=\"887\">IP-Adresse oder Hostname<\/p><\/li><li data-start=\"859\" data-end=\"887\"><p data-start=\"861\" data-end=\"887\">Browsertyp und -version<\/p><\/li><li data-start=\"916\" data-end=\"946\"><p data-start=\"918\" data-end=\"946\">Betriebssystem des Nutzers<\/p><\/li><li data-start=\"947\" data-end=\"970\"><p data-start=\"949\" data-end=\"970\">Spracheinstellungen<\/p><\/li><li data-start=\"971\" data-end=\"1005\"><p data-start=\"973\" data-end=\"1005\">Datum und Uhrzeit des Zugriffs<\/p><\/li><li data-start=\"1006\" data-end=\"1041\"><p data-start=\"1008\" data-end=\"1041\">aufgerufene Seiten der Webseite<\/p><\/li><li data-start=\"1042\" data-end=\"1103\"><p data-start=\"1044\" data-end=\"1103\">Referrer-URL (von welcher Seite Sie zu uns gekommen sind)<\/p><\/li><li data-start=\"1104\" data-end=\"1165\"><p data-start=\"1106\" data-end=\"1165\">\u201eLeaving-Page\u201c (welche Seite beim Verlassen ge\u00f6ffnet war)<\/p><\/li><li data-start=\"1166\" data-end=\"1195\"><p data-start=\"1168\" data-end=\"1195\">Internet Service Provider<\/p><\/li><\/ul><p data-start=\"1197\" data-end=\"1595\">Diese Daten sind technisch erforderlich, um die Sicherheit und Stabilit\u00e4t der Webseite zu gew\u00e4hrleisten.<br data-start=\"1301\" data-end=\"1304\" \/>Rechtsgrundlage: Art. 6 Abs. 1 lit. f DSGVO (berechtigtes Interesse \u2013 sichere Bereitstellung der Website).<br data-start=\"1410\" data-end=\"1413\" \/>Eine personenbezogene Auswertung dieser Daten findet nicht statt. Der Webseitenbetreiber beh\u00e4lt sich jedoch vor, diese Daten im Falle rechtswidriger Nutzung nachtr\u00e4glich zu pr\u00fcfen.<\/p><p data-start=\"1597\" data-end=\"1617\"><strong>Kontaktaufnahme<br \/><\/strong>Wenn Sie uns \u00fcber das Kontaktformular auf der Webseite oder per E-Mail kontaktieren, werden die von Ihnen angegebenen Daten (Name, E-Mail-Adresse, Telefonnummer sowie Ihre Nachricht) zwecks Bearbeitung Ihrer Anfrage und f\u00fcr den Fall von Anschlussfragen gespeichert.<\/p><p data-start=\"1887\" data-end=\"2144\">Rechtsgrundlage: Art. 6 Abs. 1 lit. b DSGVO (vorvertragliche Ma\u00dfnahmen\/Vertragserf\u00fcllung).<br data-start=\"1977\" data-end=\"1980\" \/>Speicherdauer: sechs Monate, sofern keine l\u00e4ngeren gesetzlichen Aufbewahrungspflichten bestehen.<br data-start=\"2076\" data-end=\"2079\" \/>Eine Weitergabe an Dritte erfolgt ohne Ihre Einwilligung nicht.<\/p><p data-start=\"2146\" data-end=\"2158\"><strong>Cookies<br \/><\/strong>Unsere Webseite verwendet Cookies. Dabei handelt es sich um kleine Textdateien, die mit Hilfe des Browsers auf Ihrem Endger\u00e4t gespeichert werden. Sie richten keinen Schaden an.<\/p><p data-start=\"2339\" data-end=\"2559\">Wir nutzen Cookies, um unser Angebot nutzerfreundlich zu gestalten. Einige Cookies bleiben auf Ihrem Endger\u00e4t gespeichert, bis Sie diese l\u00f6schen. Sie erm\u00f6glichen es, Ihren Browser beim n\u00e4chsten Besuch wiederzuerkennen.<\/p><p data-start=\"2561\" data-end=\"2820\">Wenn Sie dies nicht w\u00fcnschen, k\u00f6nnen Sie Ihren Browser so einrichten, dass er Sie \u00fcber das Setzen von Cookies informiert und Sie diese nur im Einzelfall erlauben. Bei der Deaktivierung von Cookies kann die Funktionalit\u00e4t unserer Webseite eingeschr\u00e4nkt sein.<\/p><p data-start=\"2822\" data-end=\"2969\">Rechtsgrundlage: \u00a7 96 Abs. 3 TKG i.V.m. Art. 6 Abs. 1 lit. f DSGVO (berechtigtes Interesse an der nutzerfreundlichen Gestaltung unserer Website).<\/p><p data-start=\"2971\" data-end=\"2987\"><strong>Google Maps<br \/><\/strong>Unsere Website nutzt Funktionen des Kartendienstes \u201eGoogle Maps\u201c. Anbieter ist Google Ireland Limited, Gordon House, Barrow Street, Dublin 4, Irland.<\/p><p data-start=\"3141\" data-end=\"3408\">Zur Nutzung der Funktionen ist es erforderlich, Ihre IP-Adresse zu speichern. Diese Informationen werden in der Regel an einen Server von Google in den USA \u00fcbertragen und dort gespeichert. Der Betreiber dieser Website hat keinen Einfluss auf diese Daten\u00fcbertragung.<\/p><p data-start=\"3410\" data-end=\"3551\">Rechtsgrundlage: Art. 6 Abs. 1 lit. f DSGVO (berechtigtes Interesse an der besseren Auffindbarkeit der auf der Website dargestellten Orte).<\/p><p data-start=\"3553\" data-end=\"3671\">Weitere Informationen finden Sie in der Datenschutzerkl\u00e4rung von Google:<br data-start=\"3625\" data-end=\"3628\" \/><a href=\"https:\/\/policies.google.com\/privacy?hl=de\" target=\"_new\" rel=\"noopener\" data-start=\"3628\" data-end=\"3669\">https:\/\/policies.google.com\/privacy?hl=de<\/a><\/p><p data-start=\"3673\" data-end=\"3738\">Google ist unter dem EU-US Data Privacy Framework zertifiziert.<\/p><p data-start=\"3740\" data-end=\"3756\"><strong>Ihre Rechte<br \/><\/strong>Sie haben jederzeit das Recht auf:<\/p><ul data-start=\"3795\" data-end=\"4077\"><li data-start=\"3795\" data-end=\"3853\"><p data-start=\"3797\" data-end=\"3853\">Auskunft \u00fcber Ihre gespeicherten Daten (Art. 15 DSGVO)<\/p><\/li><li data-start=\"3854\" data-end=\"3886\"><p data-start=\"3856\" data-end=\"3886\">Berichtigung (Art. 16 DSGVO)<\/p><\/li><li data-start=\"3887\" data-end=\"3915\"><p data-start=\"3889\" data-end=\"3915\">L\u00f6schung (Art. 17 DSGVO)<\/p><\/li><li data-start=\"3916\" data-end=\"3966\"><p data-start=\"3918\" data-end=\"3966\">Einschr\u00e4nkung der Verarbeitung (Art. 18 DSGVO)<\/p><\/li><li data-start=\"3967\" data-end=\"4007\"><p data-start=\"3969\" data-end=\"4007\">Daten\u00fcbertragbarkeit (Art. 20 DSGVO)<\/p><\/li><li data-start=\"4008\" data-end=\"4039\"><p data-start=\"4010\" data-end=\"4039\">Widerspruch (Art. 21 DSGVO)<\/p><\/li><li data-start=\"4040\" data-end=\"4077\"><p data-start=\"4042\" data-end=\"4077\">Widerruf erteilter Einwilligungen<\/p><\/li><\/ul><p data-start=\"4079\" data-end=\"4297\">Wenn Sie der Ansicht sind, dass die Verarbeitung Ihrer Daten gegen das Datenschutzrecht verst\u00f6\u00dft, k\u00f6nnen Sie sich an uns (<a rel=\"noopener\" data-start=\"4201\" data-end=\"4226\">info@berghaus-schaefer.at<\/a>) oder die \u00f6sterreichische Datenschutzbeh\u00f6rde (<a target=\"_new\" rel=\"noopener\" data-start=\"4273\" data-end=\"4286\">www.dsb.gv.at<\/a>) wenden.<\/p><p data-start=\"4299\" data-end=\"4326\"><strong>Verantwortliche Stelle<br \/><\/strong>Webseitenbetreiber: Albert Zech<br data-start=\"4362\" data-end=\"4365\" \/>Kirchdorf 104, 6741 Raggal, \u00d6sterreich<br data-start=\"4403\" data-end=\"4406\" \/>Telefon: +43(0)664-1301093<br data-start=\"4430\" data-end=\"4433\" \/>E-Mail:\u00a0 <a href=\"mailto:alpenblick@raggal.net\">alpenblick@raggal.net<\/a><\/p>\t\t\t\t\t\t\t\t<\/div>\n\t\t\t\t\t<\/div>\n\t\t\t\t<\/div>\n\t\t\t\t<\/div>","protected":false},"excerpt":{"rendered":"<p>Datenschutzerkl\u00e4rung In folgender Datenschutzerkl\u00e4rung informieren wir Sie \u00fcber die wichtigsten Aspekte der Datenverarbeitung im Rahmen unserer Webseite. Wir erheben und [&hellip;]<\/p>\n","protected":false},"author":1,"featured_media":0,"parent":0,"menu_order":0,"comment_status":"closed","ping_status":"closed","template":"","meta":{"site-sidebar-layout":"no-sidebar","site-content-layout":"","ast-site-content-layout":"full-width-container","site-content-style":"default","site-sidebar-style":"default","ast-global-header-display":"","ast-banner-title-visibility":"","ast-main-header-display":"","ast-hfb-above-header-display":"","ast-hfb-below-header-display":"","ast-hfb-mobile-header-display":"","site-post-title":"disabled","ast-breadcrumbs-content":"","ast-featured-img":"disabled","footer-sml-layout":"","ast-disable-related-posts":"","theme-transparent-header-meta":"","adv-header-id-meta":"","stick-header-meta":"","header-above-stick-meta":"","header-main-stick-meta":"","header-below-stick-meta":"","astra-migrate-meta-layouts":"default","ast-page-background-enabled":"default","ast-page-background-meta":{"desktop":{"background-color":"var(--ast-global-color-5)","background-image":"","background-repeat":"repeat","background-position":"center center","background-size":"auto","background-attachment":"scroll","background-type":"","background-media":"","overlay-type":"","overlay-color":"","overlay-opacity":"","overlay-gradient":""},"tablet":{"background-color":"","background-image":"","background-repeat":"repeat","background-position":"center center","background-size":"auto","background-attachment":"scroll","background-type":"","background-media":"","overlay-type":"","overlay-color":"","overlay-opacity":"","overlay-gradient":""},"mobile":{"background-color":"","background-image":"","background-repeat":"repeat","background-position":"center center","background-size":"auto","background-attachment":"scroll","background-type":"","background-media":"","overlay-type":"","overlay-color":"","overlay-opacity":"","overlay-gradient":""}},"ast-content-background-meta":{"desktop":{"background-color":"var(--ast-global-color-4)","background-image":"","background-repeat":"repeat","background-position":"center center","background-size":"auto","background-attachment":"scroll","background-type":"","background-media":"","overlay-type":"","overlay-color":"","overlay-opacity":"","overlay-gradient":""},"tablet":{"background-color":"var(--ast-global-color-4)","background-image":"","background-repeat":"repeat","background-position":"center center","background-size":"auto","background-attachment":"scroll","background-type":"","background-media":"","overlay-type":"","overlay-color":"","overlay-opacity":"","overlay-gradient":""},"mobile":{"background-color":"var(--ast-global-color-4)","background-image":"","background-repeat":"repeat","background-position":"center center","background-size":"auto","background-attachment":"scroll","background-type":"","background-media":"","overlay-type":"","overlay-color":"","overlay-opacity":"","overlay-gradient":""}},"footnotes":""},"class_list":["post-884","page","type-page","status-publish","hentry"],"yoast_head":"<!-- This site is optimized with the Yoast SEO plugin v27.3 - https:\/\/yoast.com\/product\/yoast-seo-wordpress\/ -->\n<title>Datenschutz - Alpenblick Raggal<\/title>\n<meta name=\"robots\" content=\"index, follow, max-snippet:-1, max-image-preview:large, max-video-preview:-1\" \/>\n<link rel=\"canonical\" href=\"https:\/\/alpenblick-raggal.oraxis.at\/en\/datenschutz\/\" \/>\n<meta property=\"og:locale\" content=\"en_GB\" \/>\n<meta property=\"og:type\" content=\"article\" \/>\n<meta property=\"og:title\" content=\"Datenschutz - Alpenblick Raggal\" \/>\n<meta property=\"og:description\" content=\"Datenschutzerkl\u00e4rung In folgender Datenschutzerkl\u00e4rung informieren wir Sie \u00fcber die wichtigsten Aspekte der Datenverarbeitung im Rahmen unserer Webseite. Wir erheben und [&hellip;]\" \/>\n<meta property=\"og:url\" content=\"https:\/\/alpenblick-raggal.oraxis.at\/en\/datenschutz\/\" \/>\n<meta property=\"og:site_name\" content=\"Alpenblick Raggal\" \/>\n<meta property=\"article:modified_time\" content=\"2026-02-20T10:00:52+00:00\" \/>\n<meta name=\"twitter:card\" content=\"summary_large_image\" \/>\n<meta name=\"twitter:label1\" content=\"Est. reading time\" \/>\n\t<meta name=\"twitter:data1\" content=\"3 minutes\" \/>\n<script type=\"application\/ld+json\" class=\"yoast-schema-graph\">{\"@context\":\"https:\\\/\\\/schema.org\",\"@graph\":[{\"@type\":\"WebPage\",\"@id\":\"https:\\\/\\\/alpenblick-raggal.oraxis.at\\\/datenschutz\\\/\",\"url\":\"https:\\\/\\\/alpenblick-raggal.oraxis.at\\\/datenschutz\\\/\",\"name\":\"Datenschutz - Alpenblick Raggal\",\"isPartOf\":{\"@id\":\"https:\\\/\\\/alpenblick-raggal.oraxis.at\\\/#website\"},\"datePublished\":\"2026-02-19T19:52:58+00:00\",\"dateModified\":\"2026-02-20T10:00:52+00:00\",\"breadcrumb\":{\"@id\":\"https:\\\/\\\/alpenblick-raggal.oraxis.at\\\/datenschutz\\\/#breadcrumb\"},\"inLanguage\":\"en-GB\",\"potentialAction\":[{\"@type\":\"ReadAction\",\"target\":[\"https:\\\/\\\/alpenblick-raggal.oraxis.at\\\/datenschutz\\\/\"]}]},{\"@type\":\"BreadcrumbList\",\"@id\":\"https:\\\/\\\/alpenblick-raggal.oraxis.at\\\/datenschutz\\\/#breadcrumb\",\"itemListElement\":[{\"@type\":\"ListItem\",\"position\":1,\"name\":\"Startseite\",\"item\":\"https:\\\/\\\/alpenblick-raggal.oraxis.at\\\/\"},{\"@type\":\"ListItem\",\"position\":2,\"name\":\"Datenschutz\"}]},{\"@type\":\"WebSite\",\"@id\":\"https:\\\/\\\/alpenblick-raggal.oraxis.at\\\/#website\",\"url\":\"https:\\\/\\\/alpenblick-raggal.oraxis.at\\\/\",\"name\":\"Alpenblick Raggal\",\"description\":\"\",\"potentialAction\":[{\"@type\":\"SearchAction\",\"target\":{\"@type\":\"EntryPoint\",\"urlTemplate\":\"https:\\\/\\\/alpenblick-raggal.oraxis.at\\\/?s={search_term_string}\"},\"query-input\":{\"@type\":\"PropertyValueSpecification\",\"valueRequired\":true,\"valueName\":\"search_term_string\"}}],\"inLanguage\":\"en-GB\"}]}<\/script>\n<!-- \/ Yoast SEO plugin. -->","yoast_head_json":{"title":"Datenschutz - Alpenblick Raggal","robots":{"index":"index","follow":"follow","max-snippet":"max-snippet:-1","max-image-preview":"max-image-preview:large","max-video-preview":"max-video-preview:-1"},"canonical":"https:\/\/alpenblick-raggal.oraxis.at\/en\/datenschutz\/","og_locale":"en_GB","og_type":"article","og_title":"Datenschutz - Alpenblick Raggal","og_description":"Datenschutzerkl\u00e4rung In folgender Datenschutzerkl\u00e4rung informieren wir Sie \u00fcber die wichtigsten Aspekte der Datenverarbeitung im Rahmen unserer Webseite. Wir erheben und [&hellip;]","og_url":"https:\/\/alpenblick-raggal.oraxis.at\/en\/datenschutz\/","og_site_name":"Alpenblick Raggal","article_modified_time":"2026-02-20T10:00:52+00:00","twitter_card":"summary_large_image","twitter_misc":{"Est. reading time":"3 minutes"},"schema":{"@context":"https:\/\/schema.org","@graph":[{"@type":"WebPage","@id":"https:\/\/alpenblick-raggal.oraxis.at\/datenschutz\/","url":"https:\/\/alpenblick-raggal.oraxis.at\/datenschutz\/","name":"Datenschutz - Alpenblick Raggal","isPartOf":{"@id":"https:\/\/alpenblick-raggal.oraxis.at\/#website"},"datePublished":"2026-02-19T19:52:58+00:00","dateModified":"2026-02-20T10:00:52+00:00","breadcrumb":{"@id":"https:\/\/alpenblick-raggal.oraxis.at\/datenschutz\/#breadcrumb"},"inLanguage":"en-GB","potentialAction":[{"@type":"ReadAction","target":["https:\/\/alpenblick-raggal.oraxis.at\/datenschutz\/"]}]},{"@type":"BreadcrumbList","@id":"https:\/\/alpenblick-raggal.oraxis.at\/datenschutz\/#breadcrumb","itemListElement":[{"@type":"ListItem","position":1,"name":"Startseite","item":"https:\/\/alpenblick-raggal.oraxis.at\/"},{"@type":"ListItem","position":2,"name":"Datenschutz"}]},{"@type":"WebSite","@id":"https:\/\/alpenblick-raggal.oraxis.at\/#website","url":"https:\/\/alpenblick-raggal.oraxis.at\/","name":"Alpenblick Raggal","description":"","potentialAction":[{"@type":"SearchAction","target":{"@type":"EntryPoint","urlTemplate":"https:\/\/alpenblick-raggal.oraxis.at\/?s={search_term_string}"},"query-input":{"@type":"PropertyValueSpecification","valueRequired":true,"valueName":"search_term_string"}}],"inLanguage":"en-GB"}]}},"_links":{"self":[{"href":"https:\/\/alpenblick-raggal.oraxis.at\/en\/wp-json\/wp\/v2\/pages\/884","targetHints":{"allow":["GET"]}}],"collection":[{"href":"https:\/\/alpenblick-raggal.oraxis.at\/en\/wp-json\/wp\/v2\/pages"}],"about":[{"href":"https:\/\/alpenblick-raggal.oraxis.at\/en\/wp-json\/wp\/v2\/types\/page"}],"author":[{"embeddable":true,"href":"https:\/\/alpenblick-raggal.oraxis.at\/en\/wp-json\/wp\/v2\/users\/1"}],"replies":[{"embeddable":true,"href":"https:\/\/alpenblick-raggal.oraxis.at\/en\/wp-json\/wp\/v2\/comments?post=884"}],"version-history":[{"count":12,"href":"https:\/\/alpenblick-raggal.oraxis.at\/en\/wp-json\/wp\/v2\/pages\/884\/revisions"}],"predecessor-version":[{"id":922,"href":"https:\/\/alpenblick-raggal.oraxis.at\/en\/wp-json\/wp\/v2\/pages\/884\/revisions\/922"}],"wp:attachment":[{"href":"https:\/\/alpenblick-raggal.oraxis.at\/en\/wp-json\/wp\/v2\/media?parent=884"}],"curies":[{"name":"wp","href":"https:\/\/api.w.org\/{rel}","templated":true}]}}